{"id":154,"date":"2025-12-18T09:18:21","date_gmt":"2025-12-18T08:18:21","guid":{"rendered":"https:\/\/www.cemestaimpuis.be\/?page_id=154"},"modified":"2026-01-05T15:13:26","modified_gmt":"2026-01-05T14:13:26","slug":"3eme-annee","status":"publish","type":"page","link":"https:\/\/www.cemestaimpuis.be\/?page_id=154","title":{"rendered":"3\u00e8me ann\u00e9e"},"content":{"rendered":"\n<p class=\"has-text-align-center has-black-color has-text-color has-link-color wp-elements-1f181ce375b6b72a5718b0b2d311ffb6\" style=\"font-size:24px;text-decoration:underline\">3\u00e8me ann\u00e9e &#8211; Enseignement g\u00e9n\u00e9ral &#8211; ann\u00e9e scolaire 2025-2026<br><\/p>\n\n\n","protected":false},"excerpt":{"rendered":"<p>3\u00e8me ann\u00e9e &#8211; Enseignement g\u00e9n\u00e9ral &#8211; ann\u00e9e scolaire 2025-2026<\/p>\n","protected":false},"author":1,"featured_media":0,"parent":0,"menu_order":0,"comment_status":"closed","ping_status":"closed","template":"","meta":{"footnotes":""},"class_list":["post-154","page","type-page","status-publish","hentry"],"jetpack_sharing_enabled":true,"_links":{"self":[{"href":"https:\/\/www.cemestaimpuis.be\/index.php?rest_route=\/wp\/v2\/pages\/154","targetHints":{"allow":["GET"]}}],"collection":[{"href":"https:\/\/www.cemestaimpuis.be\/index.php?rest_route=\/wp\/v2\/pages"}],"about":[{"href":"https:\/\/www.cemestaimpuis.be\/index.php?rest_route=\/wp\/v2\/types\/page"}],"author":[{"embeddable":true,"href":"https:\/\/www.cemestaimpuis.be\/index.php?rest_route=\/wp\/v2\/users\/1"}],"replies":[{"embeddable":true,"href":"https:\/\/www.cemestaimpuis.be\/index.php?rest_route=%2Fwp%2Fv2%2Fcomments&post=154"}],"version-history":[{"count":6,"href":"https:\/\/www.cemestaimpuis.be\/index.php?rest_route=\/wp\/v2\/pages\/154\/revisions"}],"predecessor-version":[{"id":500,"href":"https:\/\/www.cemestaimpuis.be\/index.php?rest_route=\/wp\/v2\/pages\/154\/revisions\/500"}],"wp:attachment":[{"href":"https:\/\/www.cemestaimpuis.be\/index.php?rest_route=%2Fwp%2Fv2%2Fmedia&parent=154"}],"curies":[{"name":"wp","href":"https:\/\/api.w.org\/{rel}","templated":true}]}}