{"id":157,"date":"2025-12-18T09:18:21","date_gmt":"2025-12-18T08:18:21","guid":{"rendered":"https:\/\/www.cemestaimpuis.be\/?page_id=157"},"modified":"2026-01-05T15:14:01","modified_gmt":"2026-01-05T14:14:01","slug":"6eme-annee","status":"publish","type":"page","link":"https:\/\/www.cemestaimpuis.be\/?page_id=157","title":{"rendered":"6\u00e8me ann\u00e9e"},"content":{"rendered":"\n<p class=\"has-text-align-center has-black-color has-text-color has-link-color wp-elements-3a975c7bf9f9906e638e96b9627b1bbb\" style=\"font-size:24px;text-decoration:underline\">6\u00e8me ann\u00e9e &#8211; Enseignement g\u00e9n\u00e9ral &#8211; ann\u00e9e scolaire 2025-2026<br><\/p>\n\n\n","protected":false},"excerpt":{"rendered":"<p>6\u00e8me ann\u00e9e &#8211; Enseignement g\u00e9n\u00e9ral &#8211; ann\u00e9e scolaire 2025-2026<\/p>\n","protected":false},"author":1,"featured_media":0,"parent":0,"menu_order":0,"comment_status":"closed","ping_status":"closed","template":"","meta":{"footnotes":""},"class_list":["post-157","page","type-page","status-publish","hentry"],"jetpack_sharing_enabled":true,"_links":{"self":[{"href":"https:\/\/www.cemestaimpuis.be\/index.php?rest_route=\/wp\/v2\/pages\/157","targetHints":{"allow":["GET"]}}],"collection":[{"href":"https:\/\/www.cemestaimpuis.be\/index.php?rest_route=\/wp\/v2\/pages"}],"about":[{"href":"https:\/\/www.cemestaimpuis.be\/index.php?rest_route=\/wp\/v2\/types\/page"}],"author":[{"embeddable":true,"href":"https:\/\/www.cemestaimpuis.be\/index.php?rest_route=\/wp\/v2\/users\/1"}],"replies":[{"embeddable":true,"href":"https:\/\/www.cemestaimpuis.be\/index.php?rest_route=%2Fwp%2Fv2%2Fcomments&post=157"}],"version-history":[{"count":5,"href":"https:\/\/www.cemestaimpuis.be\/index.php?rest_route=\/wp\/v2\/pages\/157\/revisions"}],"predecessor-version":[{"id":401,"href":"https:\/\/www.cemestaimpuis.be\/index.php?rest_route=\/wp\/v2\/pages\/157\/revisions\/401"}],"wp:attachment":[{"href":"https:\/\/www.cemestaimpuis.be\/index.php?rest_route=%2Fwp%2Fv2%2Fmedia&parent=157"}],"curies":[{"name":"wp","href":"https:\/\/api.w.org\/{rel}","templated":true}]}}