{"id":495,"date":"2026-01-16T09:30:32","date_gmt":"2026-01-16T08:30:32","guid":{"rendered":"https:\/\/www.cemestaimpuis.be\/?page_id=495"},"modified":"2026-01-16T10:02:04","modified_gmt":"2026-01-16T09:02:04","slug":"2eme-et-3eme-degres","status":"publish","type":"page","link":"https:\/\/www.cemestaimpuis.be\/?page_id=495","title":{"rendered":"2\u00e8me et 3\u00e8me degr\u00e9s &#8211; 2026\/2027"},"content":{"rendered":"\n<p class=\"has-text-align-center has-black-color has-text-color has-link-color wp-elements-1a7954fc9df3db9b59aca0e8aba80066\" style=\"font-size:24px;text-decoration:underline\">Une journ\u00e9e type dans le 2\u00e8me et 3\u00e8me degr\u00e9s.<\/p>\n\n\n","protected":false},"excerpt":{"rendered":"<p>Une journ\u00e9e type dans le 2\u00e8me et 3\u00e8me degr\u00e9s.<\/p>\n","protected":false},"author":1,"featured_media":0,"parent":0,"menu_order":0,"comment_status":"closed","ping_status":"closed","template":"","meta":{"footnotes":""},"class_list":["post-495","page","type-page","status-publish","hentry"],"jetpack_sharing_enabled":true,"_links":{"self":[{"href":"https:\/\/www.cemestaimpuis.be\/index.php?rest_route=\/wp\/v2\/pages\/495","targetHints":{"allow":["GET"]}}],"collection":[{"href":"https:\/\/www.cemestaimpuis.be\/index.php?rest_route=\/wp\/v2\/pages"}],"about":[{"href":"https:\/\/www.cemestaimpuis.be\/index.php?rest_route=\/wp\/v2\/types\/page"}],"author":[{"embeddable":true,"href":"https:\/\/www.cemestaimpuis.be\/index.php?rest_route=\/wp\/v2\/users\/1"}],"replies":[{"embeddable":true,"href":"https:\/\/www.cemestaimpuis.be\/index.php?rest_route=%2Fwp%2Fv2%2Fcomments&post=495"}],"version-history":[{"count":4,"href":"https:\/\/www.cemestaimpuis.be\/index.php?rest_route=\/wp\/v2\/pages\/495\/revisions"}],"predecessor-version":[{"id":523,"href":"https:\/\/www.cemestaimpuis.be\/index.php?rest_route=\/wp\/v2\/pages\/495\/revisions\/523"}],"wp:attachment":[{"href":"https:\/\/www.cemestaimpuis.be\/index.php?rest_route=%2Fwp%2Fv2%2Fmedia&parent=495"}],"curies":[{"name":"wp","href":"https:\/\/api.w.org\/{rel}","templated":true}]}}